{"id":25,"date":"2025-07-27T22:28:13","date_gmt":"2025-07-27T20:28:13","guid":{"rendered":"https:\/\/blomfeldtterapi.no\/?page_id=25"},"modified":"2025-09-18T12:29:20","modified_gmt":"2025-09-18T10:29:20","slug":"hjem","status":"publish","type":"page","link":"https:\/\/blomfeldtterapi.no\/","title":{"rendered":"Hjem"},"content":{"rendered":"\t\t<div data-elementor-type=\"wp-post\" data-elementor-id=\"25\" class=\"elementor elementor-25\">\n\t\t\t\t<div class=\"elementor-element elementor-element-7c293b5 e-flex e-con-boxed e-con e-parent\" data-id=\"7c293b5\" data-element_type=\"container\">\n\t\t\t\t\t<div class=\"e-con-inner\">\n\t\t<div class=\"elementor-element elementor-element-e1107f0 e-con-full e-flex e-con e-child\" data-id=\"e1107f0\" data-element_type=\"container\">\n\t\t\t\t<div class=\"elementor-element elementor-element-8ffc3b7 elementor-widget elementor-widget-image\" data-id=\"8ffc3b7\" data-element_type=\"widget\" data-widget_type=\"image.default\">\n\t\t\t\t\t\t\t\t\t\t\t\t\t\t\t<img fetchpriority=\"high\" decoding=\"async\" width=\"800\" height=\"534\" src=\"https:\/\/blomfeldtterapi.no\/wp-content\/uploads\/2025\/08\/Logo-blomst-1-1024x683.png\" class=\"attachment-large size-large wp-image-241\" alt=\"\" srcset=\"https:\/\/blomfeldtterapi.no\/wp-content\/uploads\/2025\/08\/Logo-blomst-1-1024x683.png 1024w, https:\/\/blomfeldtterapi.no\/wp-content\/uploads\/2025\/08\/Logo-blomst-1-300x200.png 300w, https:\/\/blomfeldtterapi.no\/wp-content\/uploads\/2025\/08\/Logo-blomst-1-768x512.png 768w, https:\/\/blomfeldtterapi.no\/wp-content\/uploads\/2025\/08\/Logo-blomst-1.png 1536w\" sizes=\"(max-width: 800px) 100vw, 800px\" \/>\t\t\t\t\t\t\t\t\t\t\t\t\t\t\t<\/div>\n\t\t\t\t<\/div>\n\t\t<div class=\"elementor-element elementor-element-9baf220 e-con-full e-flex e-con e-child\" data-id=\"9baf220\" data-element_type=\"container\">\n\t\t\t\t<div class=\"elementor-element elementor-element-67e6f92 elementor-widget elementor-widget-image\" data-id=\"67e6f92\" data-element_type=\"widget\" data-widget_type=\"image.default\">\n\t\t\t\t\t\t\t\t\t\t\t\t\t\t\t<img decoding=\"async\" width=\"260\" height=\"300\" src=\"https:\/\/blomfeldtterapi.no\/wp-content\/uploads\/2025\/07\/Tine-kuppel-2-260x300.png\" class=\"attachment-medium size-medium wp-image-76\" alt=\"\" srcset=\"https:\/\/blomfeldtterapi.no\/wp-content\/uploads\/2025\/07\/Tine-kuppel-2-260x300.png 260w, https:\/\/blomfeldtterapi.no\/wp-content\/uploads\/2025\/07\/Tine-kuppel-2-888x1024.png 888w, https:\/\/blomfeldtterapi.no\/wp-content\/uploads\/2025\/07\/Tine-kuppel-2-768x886.png 768w, https:\/\/blomfeldtterapi.no\/wp-content\/uploads\/2025\/07\/Tine-kuppel-2.png 1308w\" sizes=\"(max-width: 260px) 100vw, 260px\" \/>\t\t\t\t\t\t\t\t\t\t\t\t\t\t\t<\/div>\n\t\t\t\t<\/div>\n\t\t\t\t\t<\/div>\n\t\t\t\t<\/div>\n\t\t<div class=\"elementor-element elementor-element-8b72e96 e-flex e-con-boxed e-con e-parent\" data-id=\"8b72e96\" data-element_type=\"container\" data-settings=\"{&quot;background_background&quot;:&quot;classic&quot;}\">\n\t\t\t\t\t<div class=\"e-con-inner\">\n\t\t<div class=\"elementor-element elementor-element-34fa9ba e-con-full e-flex e-con e-child\" data-id=\"34fa9ba\" data-element_type=\"container\">\n\t\t\t\t<div class=\"elementor-element elementor-element-59df4e8 elementor-widget elementor-widget-heading\" data-id=\"59df4e8\" data-element_type=\"widget\" data-widget_type=\"heading.default\">\n\t\t\t\t\t<h2 class=\"elementor-heading-title elementor-size-default\">Velkommen i terapi<\/h2>\t\t\t\t<\/div>\n\t\t\t\t<div class=\"elementor-element elementor-element-22eeb37 elementor-widget elementor-widget-button\" data-id=\"22eeb37\" data-element_type=\"widget\" data-widget_type=\"button.default\">\n\t\t\t\t\t\t\t\t\t\t<a class=\"elementor-button elementor-button-link elementor-size-sm\" href=\"mailto:blomfeldtterapi@gmail.com\">\n\t\t\t\t\t\t<span class=\"elementor-button-content-wrapper\">\n\t\t\t\t\t\t\t\t\t<span class=\"elementor-button-text\">Bestill time<\/span>\n\t\t\t\t\t<\/span>\n\t\t\t\t\t<\/a>\n\t\t\t\t\t\t\t\t<\/div>\n\t\t\t\t<\/div>\n\t\t<div class=\"elementor-element elementor-element-5401c3d e-con-full e-flex e-con e-child\" data-id=\"5401c3d\" data-element_type=\"container\">\n\t\t\t\t<div class=\"elementor-element elementor-element-ff54a37 elementor-widget elementor-widget-text-editor\" data-id=\"ff54a37\" data-element_type=\"widget\" data-widget_type=\"text-editor.default\">\n\t\t\t\t\t\t\t\t\t<h6><b>Hva er gestaltterapi?<\/b><\/h6><p>Gestaltterapi er en opplevelsesbasert og relasjonell terapiform som vektlegger bevisstgj\u00f8ring, tilstedev\u00e6relse og kontakt \u2013 b\u00e5de med deg selv og dine omgivelser. I terapien jobber vi med det som skjer her og n\u00e5, og vi unders\u00f8ker sammen hvordan tidligere erfaringer kan p\u00e5virke deg i dag.<\/p><p>\u00a0<\/p><h6><strong>Hvem kan ha nytte av gestaltterapi?<\/strong><\/h6><p>Gestaltterapi kan v\u00e6re nyttig om du:\u00a0<\/p><ul><li>kjenner deg fastl\u00e5st i en livssituasjon<\/li><li>opplever stress, angst eller tristhet<\/li><li>\u00f8nsker dypere kontakt med deg selv eller andre\u00a0<\/li><li>vil jobbbe med selvf\u00f8lelse, grenser eller relasjoner\u00a0<\/li><\/ul><h6>\u00a0<\/h6><h6><b>Slik jobber jeg<\/b><\/h6><p>Jeg m\u00f8ter deg med varme, \u00e5penhet og nysgjerrighet. Mitt m\u00e5l er \u00e5 skape et trygt rom der du fritt kan utforske tanker, f\u00f8lelser og reaksjoner. Jeg tror p\u00e5 at endring skjer n\u00e5r vi t\u00f8r \u00e5 v\u00e6re \u00e6rlige med oss selv \u2013 og bli sett og m\u00f8tt akkurat der vi er.<\/p><p>Jeg inviterer til \u00e5pen utforskning, i ditt tempo og p\u00e5 dine premisser.<\/p>\t\t\t\t\t\t\t\t<\/div>\n\t\t\t\t<\/div>\n\t\t\t\t\t<\/div>\n\t\t\t\t<\/div>\n\t\t<div class=\"elementor-element elementor-element-94c4999 e-flex e-con-boxed e-con e-parent\" data-id=\"94c4999\" data-element_type=\"container\">\n\t\t\t\t\t<div class=\"e-con-inner\">\n\t\t\t\t<div class=\"elementor-element elementor-element-b1265b7 elementor-widget elementor-widget-google_maps\" data-id=\"b1265b7\" data-element_type=\"widget\" data-widget_type=\"google_maps.default\">\n\t\t\t\t\t\t\t<div class=\"elementor-custom-embed\">\n\t\t\t<iframe loading=\"lazy\"\n\t\t\t\t\tsrc=\"https:\/\/maps.google.com\/maps?q=Strandgaten%206&#038;t=m&#038;z=10&#038;output=embed&#038;iwloc=near\"\n\t\t\t\t\ttitle=\"Strandgaten 6\"\n\t\t\t\t\taria-label=\"Strandgaten 6\"\n\t\t\t><\/iframe>\n\t\t<\/div>\n\t\t\t\t\t\t<\/div>\n\t\t\t\t\t<\/div>\n\t\t\t\t<\/div>\n\t\t\t\t<\/div>\n\t\t","protected":false},"excerpt":{"rendered":"<p>Velkommen i terapi Bestill time Hva er gestaltterapi? Gestaltterapi er en opplevelsesbasert og relasjonell terapiform som vektlegger bevisstgj\u00f8ring, tilstedev\u00e6relse og kontakt \u2013 b\u00e5de med deg selv og dine omgivelser. I terapien jobber vi med det som skjer her og n\u00e5, og vi unders\u00f8ker sammen hvordan tidligere erfaringer kan p\u00e5virke deg i dag. \u00a0 Hvem kan [&hellip;]<\/p>\n","protected":false},"author":1,"featured_media":0,"parent":0,"menu_order":0,"comment_status":"closed","ping_status":"closed","template":"","meta":{"footnotes":""},"class_list":["post-25","page","type-page","status-publish","hentry"],"yoast_head":"<!-- This site is optimized with the Yoast SEO plugin v25.5 - https:\/\/yoast.com\/wordpress\/plugins\/seo\/ -->\n<title>Hjem - Blomfeldt terapi<\/title>\n<meta name=\"robots\" content=\"index, follow, max-snippet:-1, max-image-preview:large, max-video-preview:-1\" \/>\n<link rel=\"canonical\" href=\"https:\/\/blomfeldtterapi.no\/\" \/>\n<meta property=\"og:locale\" content=\"nb_NO\" \/>\n<meta property=\"og:type\" content=\"article\" \/>\n<meta property=\"og:title\" content=\"Hjem - Blomfeldt terapi\" \/>\n<meta property=\"og:description\" content=\"Velkommen i terapi Bestill time Hva er gestaltterapi? Gestaltterapi er en opplevelsesbasert og relasjonell terapiform som vektlegger bevisstgj\u00f8ring, tilstedev\u00e6relse og kontakt \u2013 b\u00e5de med deg selv og dine omgivelser. I terapien jobber vi med det som skjer her og n\u00e5, og vi unders\u00f8ker sammen hvordan tidligere erfaringer kan p\u00e5virke deg i dag. \u00a0 Hvem kan [&hellip;]\" \/>\n<meta property=\"og:url\" content=\"https:\/\/blomfeldtterapi.no\/\" \/>\n<meta property=\"og:site_name\" content=\"Blomfeldt terapi\" \/>\n<meta property=\"article:modified_time\" content=\"2025-09-18T10:29:20+00:00\" \/>\n<meta property=\"og:image\" content=\"https:\/\/blomfeldtterapi.no\/wp-content\/uploads\/2025\/08\/Logo-blomst-1-1024x683.png\" \/>\n<meta name=\"twitter:card\" content=\"summary_large_image\" \/>\n<meta name=\"twitter:label1\" content=\"Ansl. lesetid\" \/>\n\t<meta name=\"twitter:data1\" content=\"1 minutt\" \/>\n<script type=\"application\/ld+json\" class=\"yoast-schema-graph\">{\"@context\":\"https:\/\/schema.org\",\"@graph\":[{\"@type\":\"WebPage\",\"@id\":\"https:\/\/blomfeldtterapi.no\/\",\"url\":\"https:\/\/blomfeldtterapi.no\/\",\"name\":\"Hjem - Blomfeldt terapi\",\"isPartOf\":{\"@id\":\"https:\/\/blomfeldtterapi.no\/#website\"},\"primaryImageOfPage\":{\"@id\":\"https:\/\/blomfeldtterapi.no\/#primaryimage\"},\"image\":{\"@id\":\"https:\/\/blomfeldtterapi.no\/#primaryimage\"},\"thumbnailUrl\":\"https:\/\/blomfeldtterapi.no\/wp-content\/uploads\/2025\/08\/Logo-blomst-1-1024x683.png\",\"datePublished\":\"2025-07-27T20:28:13+00:00\",\"dateModified\":\"2025-09-18T10:29:20+00:00\",\"breadcrumb\":{\"@id\":\"https:\/\/blomfeldtterapi.no\/#breadcrumb\"},\"inLanguage\":\"nb-NO\",\"potentialAction\":[{\"@type\":\"ReadAction\",\"target\":[\"https:\/\/blomfeldtterapi.no\/\"]}]},{\"@type\":\"ImageObject\",\"inLanguage\":\"nb-NO\",\"@id\":\"https:\/\/blomfeldtterapi.no\/#primaryimage\",\"url\":\"https:\/\/blomfeldtterapi.no\/wp-content\/uploads\/2025\/08\/Logo-blomst-1.png\",\"contentUrl\":\"https:\/\/blomfeldtterapi.no\/wp-content\/uploads\/2025\/08\/Logo-blomst-1.png\",\"width\":1536,\"height\":1024},{\"@type\":\"BreadcrumbList\",\"@id\":\"https:\/\/blomfeldtterapi.no\/#breadcrumb\",\"itemListElement\":[{\"@type\":\"ListItem\",\"position\":1,\"name\":\"Hjem\",\"item\":\"https:\/\/blomfeldtterapi.no\/\"},{\"@type\":\"ListItem\",\"position\":2,\"name\":\"Hjem\"}]},{\"@type\":\"WebSite\",\"@id\":\"https:\/\/blomfeldtterapi.no\/#website\",\"url\":\"https:\/\/blomfeldtterapi.no\/\",\"name\":\"Blomfeldt terapi\",\"description\":\"\",\"publisher\":{\"@id\":\"https:\/\/blomfeldtterapi.no\/#organization\"},\"potentialAction\":[{\"@type\":\"SearchAction\",\"target\":{\"@type\":\"EntryPoint\",\"urlTemplate\":\"https:\/\/blomfeldtterapi.no\/?s={search_term_string}\"},\"query-input\":{\"@type\":\"PropertyValueSpecification\",\"valueRequired\":true,\"valueName\":\"search_term_string\"}}],\"inLanguage\":\"nb-NO\"},{\"@type\":\"Organization\",\"@id\":\"https:\/\/blomfeldtterapi.no\/#organization\",\"name\":\"Blomfeldt terapi\",\"url\":\"https:\/\/blomfeldtterapi.no\/\",\"logo\":{\"@type\":\"ImageObject\",\"inLanguage\":\"nb-NO\",\"@id\":\"https:\/\/blomfeldtterapi.no\/#\/schema\/logo\/image\/\",\"url\":\"https:\/\/blomfeldtterapi.no\/wp-content\/uploads\/2025\/07\/Logo-B-delt-2-e1753705034958.png\",\"contentUrl\":\"https:\/\/blomfeldtterapi.no\/wp-content\/uploads\/2025\/07\/Logo-B-delt-2-e1753705034958.png\",\"width\":500,\"height\":192,\"caption\":\"Blomfeldt terapi\"},\"image\":{\"@id\":\"https:\/\/blomfeldtterapi.no\/#\/schema\/logo\/image\/\"}}]}<\/script>\n<!-- \/ Yoast SEO plugin. -->","yoast_head_json":{"title":"Hjem - Blomfeldt terapi","robots":{"index":"index","follow":"follow","max-snippet":"max-snippet:-1","max-image-preview":"max-image-preview:large","max-video-preview":"max-video-preview:-1"},"canonical":"https:\/\/blomfeldtterapi.no\/","og_locale":"nb_NO","og_type":"article","og_title":"Hjem - Blomfeldt terapi","og_description":"Velkommen i terapi Bestill time Hva er gestaltterapi? Gestaltterapi er en opplevelsesbasert og relasjonell terapiform som vektlegger bevisstgj\u00f8ring, tilstedev\u00e6relse og kontakt \u2013 b\u00e5de med deg selv og dine omgivelser. I terapien jobber vi med det som skjer her og n\u00e5, og vi unders\u00f8ker sammen hvordan tidligere erfaringer kan p\u00e5virke deg i dag. \u00a0 Hvem kan [&hellip;]","og_url":"https:\/\/blomfeldtterapi.no\/","og_site_name":"Blomfeldt terapi","article_modified_time":"2025-09-18T10:29:20+00:00","og_image":[{"url":"https:\/\/blomfeldtterapi.no\/wp-content\/uploads\/2025\/08\/Logo-blomst-1-1024x683.png","type":"","width":"","height":""}],"twitter_card":"summary_large_image","twitter_misc":{"Ansl. lesetid":"1 minutt"},"schema":{"@context":"https:\/\/schema.org","@graph":[{"@type":"WebPage","@id":"https:\/\/blomfeldtterapi.no\/","url":"https:\/\/blomfeldtterapi.no\/","name":"Hjem - Blomfeldt terapi","isPartOf":{"@id":"https:\/\/blomfeldtterapi.no\/#website"},"primaryImageOfPage":{"@id":"https:\/\/blomfeldtterapi.no\/#primaryimage"},"image":{"@id":"https:\/\/blomfeldtterapi.no\/#primaryimage"},"thumbnailUrl":"https:\/\/blomfeldtterapi.no\/wp-content\/uploads\/2025\/08\/Logo-blomst-1-1024x683.png","datePublished":"2025-07-27T20:28:13+00:00","dateModified":"2025-09-18T10:29:20+00:00","breadcrumb":{"@id":"https:\/\/blomfeldtterapi.no\/#breadcrumb"},"inLanguage":"nb-NO","potentialAction":[{"@type":"ReadAction","target":["https:\/\/blomfeldtterapi.no\/"]}]},{"@type":"ImageObject","inLanguage":"nb-NO","@id":"https:\/\/blomfeldtterapi.no\/#primaryimage","url":"https:\/\/blomfeldtterapi.no\/wp-content\/uploads\/2025\/08\/Logo-blomst-1.png","contentUrl":"https:\/\/blomfeldtterapi.no\/wp-content\/uploads\/2025\/08\/Logo-blomst-1.png","width":1536,"height":1024},{"@type":"BreadcrumbList","@id":"https:\/\/blomfeldtterapi.no\/#breadcrumb","itemListElement":[{"@type":"ListItem","position":1,"name":"Hjem","item":"https:\/\/blomfeldtterapi.no\/"},{"@type":"ListItem","position":2,"name":"Hjem"}]},{"@type":"WebSite","@id":"https:\/\/blomfeldtterapi.no\/#website","url":"https:\/\/blomfeldtterapi.no\/","name":"Blomfeldt terapi","description":"","publisher":{"@id":"https:\/\/blomfeldtterapi.no\/#organization"},"potentialAction":[{"@type":"SearchAction","target":{"@type":"EntryPoint","urlTemplate":"https:\/\/blomfeldtterapi.no\/?s={search_term_string}"},"query-input":{"@type":"PropertyValueSpecification","valueRequired":true,"valueName":"search_term_string"}}],"inLanguage":"nb-NO"},{"@type":"Organization","@id":"https:\/\/blomfeldtterapi.no\/#organization","name":"Blomfeldt terapi","url":"https:\/\/blomfeldtterapi.no\/","logo":{"@type":"ImageObject","inLanguage":"nb-NO","@id":"https:\/\/blomfeldtterapi.no\/#\/schema\/logo\/image\/","url":"https:\/\/blomfeldtterapi.no\/wp-content\/uploads\/2025\/07\/Logo-B-delt-2-e1753705034958.png","contentUrl":"https:\/\/blomfeldtterapi.no\/wp-content\/uploads\/2025\/07\/Logo-B-delt-2-e1753705034958.png","width":500,"height":192,"caption":"Blomfeldt terapi"},"image":{"@id":"https:\/\/blomfeldtterapi.no\/#\/schema\/logo\/image\/"}}]}},"_links":{"self":[{"href":"https:\/\/blomfeldtterapi.no\/index.php?rest_route=\/wp\/v2\/pages\/25","targetHints":{"allow":["GET"]}}],"collection":[{"href":"https:\/\/blomfeldtterapi.no\/index.php?rest_route=\/wp\/v2\/pages"}],"about":[{"href":"https:\/\/blomfeldtterapi.no\/index.php?rest_route=\/wp\/v2\/types\/page"}],"author":[{"embeddable":true,"href":"https:\/\/blomfeldtterapi.no\/index.php?rest_route=\/wp\/v2\/users\/1"}],"replies":[{"embeddable":true,"href":"https:\/\/blomfeldtterapi.no\/index.php?rest_route=%2Fwp%2Fv2%2Fcomments&post=25"}],"version-history":[{"count":53,"href":"https:\/\/blomfeldtterapi.no\/index.php?rest_route=\/wp\/v2\/pages\/25\/revisions"}],"predecessor-version":[{"id":249,"href":"https:\/\/blomfeldtterapi.no\/index.php?rest_route=\/wp\/v2\/pages\/25\/revisions\/249"}],"wp:attachment":[{"href":"https:\/\/blomfeldtterapi.no\/index.php?rest_route=%2Fwp%2Fv2%2Fmedia&parent=25"}],"curies":[{"name":"wp","href":"https:\/\/api.w.org\/{rel}","templated":true}]}}