{"id":35,"date":"2025-07-27T22:42:26","date_gmt":"2025-07-27T20:42:26","guid":{"rendered":"https:\/\/blomfeldtterapi.no\/?page_id=35"},"modified":"2025-09-18T12:30:33","modified_gmt":"2025-09-18T10:30:33","slug":"om-meg","status":"publish","type":"page","link":"https:\/\/blomfeldtterapi.no\/?page_id=35","title":{"rendered":"Om meg"},"content":{"rendered":"\t\t<div data-elementor-type=\"wp-post\" data-elementor-id=\"35\" class=\"elementor elementor-35\">\n\t\t\t\t<div class=\"elementor-element elementor-element-e7a446b e-flex e-con-boxed e-con e-parent\" data-id=\"e7a446b\" data-element_type=\"container\" data-settings=\"{&quot;background_background&quot;:&quot;classic&quot;}\">\n\t\t\t\t\t<div class=\"e-con-inner\">\n\t\t<div class=\"elementor-element elementor-element-301a3e6 e-con-full e-flex e-con e-child\" data-id=\"301a3e6\" data-element_type=\"container\">\n\t\t\t\t<div class=\"elementor-element elementor-element-964ca9c elementor-widget elementor-widget-heading\" data-id=\"964ca9c\" data-element_type=\"widget\" data-widget_type=\"heading.default\">\n\t\t\t\t\t<h2 class=\"elementor-heading-title elementor-size-default\">Om meg<\/h2>\t\t\t\t<\/div>\n\t\t\t\t<div class=\"elementor-element elementor-element-2ac2779 elementor-widget elementor-widget-button\" data-id=\"2ac2779\" data-element_type=\"widget\" data-widget_type=\"button.default\">\n\t\t\t\t\t\t\t\t\t\t<a class=\"elementor-button elementor-button-link elementor-size-sm\" href=\"mailto:blomfeldtterapi@gmail.com\">\n\t\t\t\t\t\t<span class=\"elementor-button-content-wrapper\">\n\t\t\t\t\t\t\t\t\t<span class=\"elementor-button-text\">Bestill time<\/span>\n\t\t\t\t\t<\/span>\n\t\t\t\t\t<\/a>\n\t\t\t\t\t\t\t\t<\/div>\n\t\t\t\t<\/div>\n\t\t<div class=\"elementor-element elementor-element-9cfcaa9 e-con-full e-flex e-con e-child\" data-id=\"9cfcaa9\" data-element_type=\"container\">\n\t\t\t\t<div class=\"elementor-element elementor-element-a8a8955 elementor-widget elementor-widget-text-editor\" data-id=\"a8a8955\" data-element_type=\"widget\" data-widget_type=\"text-editor.default\">\n\t\t\t\t\t\t\t\t\t<p style=\"font-weight: 400;\">Jeg er gestaltterapeut MNGF og medlem av Norsk Gestaltterapeut Forening, og jobber i henhold til etiske retningslinjer for faglig og trygg praksis.<\/p>\n<p style=\"font-weight: 400;\">Min bakgrunn er som folkehelseviter og helsefremmer, med videreutdanning i veiledning og dialog fra blant annet Universitetet i Bergen, VID og Universitetet i Oslo.<\/p>\n<p style=\"font-weight: 400;\">Jeg har over ti \u00e5rs erfaring fra arbeid med studenthelse og psykososialt arbeid hvor jeg har m\u00f8tt unge voksne i samtaler, holdt kurs og bidratt til forebyggende arbeid. Jeg er ogs\u00e5 kursleder for Vivat, som tilbyr oppl\u00e6ring innen selvmordsforebygging.<\/p>\t\t\t\t\t\t\t\t<\/div>\n\t\t\t\t<\/div>\n\t\t\t\t\t<\/div>\n\t\t\t\t<\/div>\n\t\t\t\t<\/div>\n\t\t","protected":false},"excerpt":{"rendered":"<p>Om meg Bestill time Jeg er gestaltterapeut MNGF og medlem av Norsk Gestaltterapeut Forening, og jobber i henhold til etiske retningslinjer for faglig og trygg praksis. Min bakgrunn er som folkehelseviter og helsefremmer, med videreutdanning i veiledning og dialog fra blant annet Universitetet i Bergen, VID og Universitetet i Oslo. Jeg har over ti \u00e5rs [&hellip;]<\/p>\n","protected":false},"author":1,"featured_media":0,"parent":0,"menu_order":1,"comment_status":"closed","ping_status":"closed","template":"elementor_theme","meta":{"footnotes":""},"class_list":["post-35","page","type-page","status-publish","hentry"],"yoast_head":"<!-- This site is optimized with the Yoast SEO plugin v25.5 - https:\/\/yoast.com\/wordpress\/plugins\/seo\/ -->\n<title>Om meg - Blomfeldt terapi<\/title>\n<meta name=\"robots\" content=\"index, follow, max-snippet:-1, max-image-preview:large, max-video-preview:-1\" \/>\n<link rel=\"canonical\" href=\"https:\/\/blomfeldtterapi.no\/?page_id=35\" \/>\n<meta property=\"og:locale\" content=\"nb_NO\" \/>\n<meta property=\"og:type\" content=\"article\" \/>\n<meta property=\"og:title\" content=\"Om meg - Blomfeldt terapi\" \/>\n<meta property=\"og:description\" content=\"Om meg Bestill time Jeg er gestaltterapeut MNGF og medlem av Norsk Gestaltterapeut Forening, og jobber i henhold til etiske retningslinjer for faglig og trygg praksis. Min bakgrunn er som folkehelseviter og helsefremmer, med videreutdanning i veiledning og dialog fra blant annet Universitetet i Bergen, VID og Universitetet i Oslo. Jeg har over ti \u00e5rs [&hellip;]\" \/>\n<meta property=\"og:url\" content=\"https:\/\/blomfeldtterapi.no\/?page_id=35\" \/>\n<meta property=\"og:site_name\" content=\"Blomfeldt terapi\" \/>\n<meta property=\"article:modified_time\" content=\"2025-09-18T10:30:33+00:00\" \/>\n<meta name=\"twitter:card\" content=\"summary_large_image\" \/>\n<script type=\"application\/ld+json\" class=\"yoast-schema-graph\">{\"@context\":\"https:\/\/schema.org\",\"@graph\":[{\"@type\":\"WebPage\",\"@id\":\"https:\/\/blomfeldtterapi.no\/?page_id=35\",\"url\":\"https:\/\/blomfeldtterapi.no\/?page_id=35\",\"name\":\"Om meg - Blomfeldt terapi\",\"isPartOf\":{\"@id\":\"https:\/\/blomfeldtterapi.no\/#website\"},\"datePublished\":\"2025-07-27T20:42:26+00:00\",\"dateModified\":\"2025-09-18T10:30:33+00:00\",\"breadcrumb\":{\"@id\":\"https:\/\/blomfeldtterapi.no\/?page_id=35#breadcrumb\"},\"inLanguage\":\"nb-NO\",\"potentialAction\":[{\"@type\":\"ReadAction\",\"target\":[\"https:\/\/blomfeldtterapi.no\/?page_id=35\"]}]},{\"@type\":\"BreadcrumbList\",\"@id\":\"https:\/\/blomfeldtterapi.no\/?page_id=35#breadcrumb\",\"itemListElement\":[{\"@type\":\"ListItem\",\"position\":1,\"name\":\"Hjem\",\"item\":\"https:\/\/blomfeldtterapi.no\/\"},{\"@type\":\"ListItem\",\"position\":2,\"name\":\"Om meg\"}]},{\"@type\":\"WebSite\",\"@id\":\"https:\/\/blomfeldtterapi.no\/#website\",\"url\":\"https:\/\/blomfeldtterapi.no\/\",\"name\":\"Blomfeldt terapi\",\"description\":\"\",\"publisher\":{\"@id\":\"https:\/\/blomfeldtterapi.no\/#organization\"},\"potentialAction\":[{\"@type\":\"SearchAction\",\"target\":{\"@type\":\"EntryPoint\",\"urlTemplate\":\"https:\/\/blomfeldtterapi.no\/?s={search_term_string}\"},\"query-input\":{\"@type\":\"PropertyValueSpecification\",\"valueRequired\":true,\"valueName\":\"search_term_string\"}}],\"inLanguage\":\"nb-NO\"},{\"@type\":\"Organization\",\"@id\":\"https:\/\/blomfeldtterapi.no\/#organization\",\"name\":\"Blomfeldt terapi\",\"url\":\"https:\/\/blomfeldtterapi.no\/\",\"logo\":{\"@type\":\"ImageObject\",\"inLanguage\":\"nb-NO\",\"@id\":\"https:\/\/blomfeldtterapi.no\/#\/schema\/logo\/image\/\",\"url\":\"https:\/\/blomfeldtterapi.no\/wp-content\/uploads\/2025\/07\/Logo-B-delt-2-e1753705034958.png\",\"contentUrl\":\"https:\/\/blomfeldtterapi.no\/wp-content\/uploads\/2025\/07\/Logo-B-delt-2-e1753705034958.png\",\"width\":500,\"height\":192,\"caption\":\"Blomfeldt terapi\"},\"image\":{\"@id\":\"https:\/\/blomfeldtterapi.no\/#\/schema\/logo\/image\/\"}}]}<\/script>\n<!-- \/ Yoast SEO plugin. -->","yoast_head_json":{"title":"Om meg - Blomfeldt terapi","robots":{"index":"index","follow":"follow","max-snippet":"max-snippet:-1","max-image-preview":"max-image-preview:large","max-video-preview":"max-video-preview:-1"},"canonical":"https:\/\/blomfeldtterapi.no\/?page_id=35","og_locale":"nb_NO","og_type":"article","og_title":"Om meg - Blomfeldt terapi","og_description":"Om meg Bestill time Jeg er gestaltterapeut MNGF og medlem av Norsk Gestaltterapeut Forening, og jobber i henhold til etiske retningslinjer for faglig og trygg praksis. Min bakgrunn er som folkehelseviter og helsefremmer, med videreutdanning i veiledning og dialog fra blant annet Universitetet i Bergen, VID og Universitetet i Oslo. Jeg har over ti \u00e5rs [&hellip;]","og_url":"https:\/\/blomfeldtterapi.no\/?page_id=35","og_site_name":"Blomfeldt terapi","article_modified_time":"2025-09-18T10:30:33+00:00","twitter_card":"summary_large_image","schema":{"@context":"https:\/\/schema.org","@graph":[{"@type":"WebPage","@id":"https:\/\/blomfeldtterapi.no\/?page_id=35","url":"https:\/\/blomfeldtterapi.no\/?page_id=35","name":"Om meg - Blomfeldt terapi","isPartOf":{"@id":"https:\/\/blomfeldtterapi.no\/#website"},"datePublished":"2025-07-27T20:42:26+00:00","dateModified":"2025-09-18T10:30:33+00:00","breadcrumb":{"@id":"https:\/\/blomfeldtterapi.no\/?page_id=35#breadcrumb"},"inLanguage":"nb-NO","potentialAction":[{"@type":"ReadAction","target":["https:\/\/blomfeldtterapi.no\/?page_id=35"]}]},{"@type":"BreadcrumbList","@id":"https:\/\/blomfeldtterapi.no\/?page_id=35#breadcrumb","itemListElement":[{"@type":"ListItem","position":1,"name":"Hjem","item":"https:\/\/blomfeldtterapi.no\/"},{"@type":"ListItem","position":2,"name":"Om meg"}]},{"@type":"WebSite","@id":"https:\/\/blomfeldtterapi.no\/#website","url":"https:\/\/blomfeldtterapi.no\/","name":"Blomfeldt terapi","description":"","publisher":{"@id":"https:\/\/blomfeldtterapi.no\/#organization"},"potentialAction":[{"@type":"SearchAction","target":{"@type":"EntryPoint","urlTemplate":"https:\/\/blomfeldtterapi.no\/?s={search_term_string}"},"query-input":{"@type":"PropertyValueSpecification","valueRequired":true,"valueName":"search_term_string"}}],"inLanguage":"nb-NO"},{"@type":"Organization","@id":"https:\/\/blomfeldtterapi.no\/#organization","name":"Blomfeldt terapi","url":"https:\/\/blomfeldtterapi.no\/","logo":{"@type":"ImageObject","inLanguage":"nb-NO","@id":"https:\/\/blomfeldtterapi.no\/#\/schema\/logo\/image\/","url":"https:\/\/blomfeldtterapi.no\/wp-content\/uploads\/2025\/07\/Logo-B-delt-2-e1753705034958.png","contentUrl":"https:\/\/blomfeldtterapi.no\/wp-content\/uploads\/2025\/07\/Logo-B-delt-2-e1753705034958.png","width":500,"height":192,"caption":"Blomfeldt terapi"},"image":{"@id":"https:\/\/blomfeldtterapi.no\/#\/schema\/logo\/image\/"}}]}},"_links":{"self":[{"href":"https:\/\/blomfeldtterapi.no\/index.php?rest_route=\/wp\/v2\/pages\/35","targetHints":{"allow":["GET"]}}],"collection":[{"href":"https:\/\/blomfeldtterapi.no\/index.php?rest_route=\/wp\/v2\/pages"}],"about":[{"href":"https:\/\/blomfeldtterapi.no\/index.php?rest_route=\/wp\/v2\/types\/page"}],"author":[{"embeddable":true,"href":"https:\/\/blomfeldtterapi.no\/index.php?rest_route=\/wp\/v2\/users\/1"}],"replies":[{"embeddable":true,"href":"https:\/\/blomfeldtterapi.no\/index.php?rest_route=%2Fwp%2Fv2%2Fcomments&post=35"}],"version-history":[{"count":29,"href":"https:\/\/blomfeldtterapi.no\/index.php?rest_route=\/wp\/v2\/pages\/35\/revisions"}],"predecessor-version":[{"id":252,"href":"https:\/\/blomfeldtterapi.no\/index.php?rest_route=\/wp\/v2\/pages\/35\/revisions\/252"}],"wp:attachment":[{"href":"https:\/\/blomfeldtterapi.no\/index.php?rest_route=%2Fwp%2Fv2%2Fmedia&parent=35"}],"curies":[{"name":"wp","href":"https:\/\/api.w.org\/{rel}","templated":true}]}}